{"id":1360,"date":"2025-05-24T22:22:34","date_gmt":"2025-05-24T20:22:34","guid":{"rendered":"https:\/\/jspcontres.fr\/?page_id=1360"},"modified":"2025-05-28T15:19:09","modified_gmt":"2025-05-28T13:19:09","slug":"soiree-ados-20-juin-2025","status":"publish","type":"page","link":"https:\/\/jspcontres.fr\/index.php\/soiree-ados-20-juin-2025\/","title":{"rendered":"Soir\u00e9e ados 20 Juin 2025"},"content":{"rendered":"\n<p class=\"has-text-align-center\">2 Possibilit\u00e9s pour s&#8217;inscrire : <\/p>\n\n\n\n<p class=\"has-text-align-center\">Attention \u00e0 bien lire le r\u00e8glement int\u00e9rieur pour les modalit\u00e9s d&#8217;entr\u00e9e et de sortie.<\/p>\n\n\n\n<ul class=\"wp-block-list\">\n<li>Billetterie en ligne : Payez, r\u00e9servez votre billet et acceptez le r\u00e8glement int\u00e9rieur en ligne.          Votre billet sera d\u00e9mat\u00e9rialis\u00e9 et un QR code sera g\u00e9n\u00e9r\u00e9, \u00e0 pr\u00e9senter \u00e0 l&#8217;entr\u00e9e.<\/li>\n<\/ul>\n\n\n\n<p class=\"has-text-align-center\">Le lien en version d\u00e9mat\u00e9rialis\u00e9 :  <\/p>\n\n\n\n<p class=\"has-text-align-center\"><a href=\"https:\/\/www.helloasso.com\/associations\/association-des-jeunes-sapeur-pompiers-de-contres\/evenements\/soiree-ados-des-jeunes-sapeurs-pompiers-de-contres-20-juin-2025\">Billetterie-soir\u00e9e-ados-JSP-20-Juin 2025<\/a><\/p>\n\n\n\n<p>OU<\/p>\n\n\n\n<p><\/p>\n\n\n\n<ul class=\"wp-block-list\">\n<li>Inscription papier : T\u00e9l\u00e9chargez et imprimez le &#8220;r\u00e8glement int\u00e9rieur\/coupon d&#8217;inscription&#8221;.    Pr\u00e9sentez le rempli \u00e0 l&#8217;entr\u00e9e avec votre paiement CB ou esp\u00e8ces.<\/li>\n<\/ul>\n\n\n\n<p class=\"has-text-align-center\">Le lien en version papier :<\/p>\n\n\n\n<p class=\"has-text-align-center\"><a href=\"https:\/\/drive.google.com\/file\/d\/1w3nILm2kTSGueD8kp4My7eCndSdJhfW1\/view?usp=drive_link\">R\u00e8glement int\u00e9rieur \/ coupon d&#8217;inscription papier<\/a><\/p>\n\n\n\n<p class=\"has-text-align-center\"><\/p>\n\n\n\n<p><\/p>\n","protected":false},"excerpt":{"rendered":"<p>2 Possibilit\u00e9s pour s&#8217;inscrire : Attention \u00e0 bien lire le r\u00e8glement int\u00e9rieur pour les modalit\u00e9s d&#8217;entr\u00e9e et de sortie. Le lien en version d\u00e9mat\u00e9rialis\u00e9 : Billetterie-soir\u00e9e-ados-JSP-20-Juin 2025 OU Le lien en version papier : R\u00e8glement int\u00e9rieur \/ coupon d&#8217;inscription papier<\/p>\n","protected":false},"author":2,"featured_media":0,"parent":0,"menu_order":0,"comment_status":"closed","ping_status":"closed","template":"","meta":{"footnotes":""},"class_list":["post-1360","page","type-page","status-publish","hentry"],"_links":{"self":[{"href":"https:\/\/jspcontres.fr\/index.php\/wp-json\/wp\/v2\/pages\/1360","targetHints":{"allow":["GET"]}}],"collection":[{"href":"https:\/\/jspcontres.fr\/index.php\/wp-json\/wp\/v2\/pages"}],"about":[{"href":"https:\/\/jspcontres.fr\/index.php\/wp-json\/wp\/v2\/types\/page"}],"author":[{"embeddable":true,"href":"https:\/\/jspcontres.fr\/index.php\/wp-json\/wp\/v2\/users\/2"}],"replies":[{"embeddable":true,"href":"https:\/\/jspcontres.fr\/index.php\/wp-json\/wp\/v2\/comments?post=1360"}],"version-history":[{"count":0,"href":"https:\/\/jspcontres.fr\/index.php\/wp-json\/wp\/v2\/pages\/1360\/revisions"}],"wp:attachment":[{"href":"https:\/\/jspcontres.fr\/index.php\/wp-json\/wp\/v2\/media?parent=1360"}],"curies":[{"name":"wp","href":"https:\/\/api.w.org\/{rel}","templated":true}]}}