{"id":1324,"date":"2025-05-19T01:46:00","date_gmt":"2025-05-18T23:46:00","guid":{"rendered":"https:\/\/jspcontres.fr\/?page_id=1324"},"modified":"2025-05-24T21:54:50","modified_gmt":"2025-05-24T19:54:50","slug":"manifestations","status":"publish","type":"page","link":"https:\/\/jspcontres.fr\/index.php\/manifestations\/","title":{"rendered":"Manifestations"},"content":{"rendered":"\n<ul class=\"wp-block-list\">\n<li><strong>Retrouvez nous sur les diff\u00e9rentes manifestations et brocantes du secteur :<\/strong><\/li>\n<\/ul>\n\n\n\n<p>&#8211;  Les brocantes, les diff\u00e9rentes f\u00eates et festival de musiques locales<\/p>\n\n\n\n<p><\/p>\n\n\n\n<ul class=\"wp-block-list\">\n<li><strong>Soir\u00e9e ados du 20 Juin 2025 :<\/strong> <\/li>\n<\/ul>\n\n\n\n<p>Ouverture prochaine des inscriptions, un peu de patience&#8230;.<\/p>\n\n\n\n<p>Retrouvez sur place un stand de vente de goodies et ticket de tombola <\/p>\n\n\n\n<p>( grattez et si c&#8217;est gagn\u00e9, repartez avec votre lot )<\/p>\n\n\n\n<p><strong>Il y a 2 possibilit\u00e9s de s&#8217;inscrire :<\/strong><\/p>\n\n\n\n<ul class=\"wp-block-list\">\n<li>Sur notre page Helloasso par une billetterie en cr\u00e9ation avec paiement et validation des documents obligatoires en ligne avec billet d\u00e9mat\u00e9rialis\u00e9 et QR code \u00e0 pr\u00e9senter \u00e0 l&#8217;entr\u00e9e.<\/li>\n<\/ul>\n\n\n\n<ul class=\"wp-block-list\">\n<li>Sur place.<\/li>\n\n\n\n<li>c&#8217;est par ici : <a href=\"https:\/\/drive.google.com\/file\/d\/1gTlNLrkJJI9poFW-C2kPmGbQX4LBxgah\/view?usp=drive_link\">lien r\u00e8glement et bulletin d&#8217;inscription papier \u00e0 t\u00e9l\u00e9charger<\/a><\/li>\n<\/ul>\n\n\n\n<p><\/p>\n","protected":false},"excerpt":{"rendered":"<p>&#8211; Les brocantes, les diff\u00e9rentes f\u00eates et festival de musiques locales Ouverture prochaine des inscriptions, un peu de patience&#8230;. Retrouvez sur place un stand de vente de goodies et ticket de tombola ( grattez et si c&#8217;est gagn\u00e9, repartez avec votre lot ) Il y a 2 possibilit\u00e9s de s&#8217;inscrire :<\/p>\n","protected":false},"author":2,"featured_media":0,"parent":0,"menu_order":0,"comment_status":"closed","ping_status":"closed","template":"","meta":{"footnotes":""},"class_list":["post-1324","page","type-page","status-publish","hentry"],"_links":{"self":[{"href":"https:\/\/jspcontres.fr\/index.php\/wp-json\/wp\/v2\/pages\/1324","targetHints":{"allow":["GET"]}}],"collection":[{"href":"https:\/\/jspcontres.fr\/index.php\/wp-json\/wp\/v2\/pages"}],"about":[{"href":"https:\/\/jspcontres.fr\/index.php\/wp-json\/wp\/v2\/types\/page"}],"author":[{"embeddable":true,"href":"https:\/\/jspcontres.fr\/index.php\/wp-json\/wp\/v2\/users\/2"}],"replies":[{"embeddable":true,"href":"https:\/\/jspcontres.fr\/index.php\/wp-json\/wp\/v2\/comments?post=1324"}],"version-history":[{"count":0,"href":"https:\/\/jspcontres.fr\/index.php\/wp-json\/wp\/v2\/pages\/1324\/revisions"}],"wp:attachment":[{"href":"https:\/\/jspcontres.fr\/index.php\/wp-json\/wp\/v2\/media?parent=1324"}],"curies":[{"name":"wp","href":"https:\/\/api.w.org\/{rel}","templated":true}]}}